{"id":2430,"date":"2022-11-30T10:56:02","date_gmt":"2022-11-30T09:56:02","guid":{"rendered":"https:\/\/z-software.net\/site\/?page_id=2430"},"modified":"2023-09-11T15:45:53","modified_gmt":"2023-09-11T13:45:53","slug":"autobahn-police-simulator-3","status":"publish","type":"page","link":"https:\/\/z-software.net\/site\/autobahn-police-simulator-3\/","title":{"rendered":"Autobahn Police Simulator 3"},"content":{"rendered":"<div class=\"wpb-content-wrapper\"><p>[vc_row][vc_column width=&#8221;2\/3&#8243;][vc_row_inner][vc_column_inner width=&#8221;1\/2&#8243;][vc_single_image image=&#8221;2566&#8243; img_size=&#8221;full&#8221; alignment=&#8221;center&#8221;][\/vc_column_inner][vc_column_inner width=&#8221;1\/2&#8243;][vc_column_text]You are a rookie police officer and it\u2019s your first day back at the station after a car accident involving an illegal car race left you out of commission for quite some time. But now you are back in uniform and ready for duty, so there is no time to waste while sitting behind a desk. You and your partner get right behind the steering wheel of the police car to get you back up on the basics of police work, eager to prove yourself to the police station and to your experienced partner.<\/p>\r\n<p>Keep moving up the ranks and you will unlock even more demanding missions, new skills to further your growth as a good police officer as well as new equipment and vehicles such as the civil car for undercover missions.[\/vc_column_text][\/vc_column_inner][\/vc_row_inner][vc_row_inner][vc_column_inner][vc_video link=&#8221;https:\/\/www.youtube.com\/watch?v=U4FcxChNXUI&amp;list=PL-DZhRfMRCeNneqjX9rAd96oA4mjqiHcj&amp;index=2&#8243; align=&#8221;center&#8221;][\/vc_column_inner][\/vc_row_inner][\/vc_column][vc_column width=&#8221;1\/3&#8243;][vc_row_inner][vc_column_inner width=&#8221;1\/6&#8243;][\/vc_column_inner][vc_column_inner width=&#8221;4\/6&#8243;][vc_single_image image=&#8221;2424&#8243; img_size=&#8221;full&#8221;][\/vc_column_inner][vc_column_inner width=&#8221;1\/6&#8243;][\/vc_column_inner][\/vc_row_inner][vc_column_text]<\/p>\r\n<h4>FEATURES<\/h4>\r\n<p>&nbsp;<\/p>\r\n<ul>\r\n<li>Features different types of police cars for a variety of operations<\/li>\r\n<li>Various mission types offering more diverse gameplay experiences<\/li>\r\n<li>Freely explorable map including bigger and smaller citiscapes, industrial sites, highways as well as country roads<\/li>\r\n<li>Improved progression system and tech tree<\/li>\r\n<li>Dynamic traffic system<\/li>\r\n<li>Authentic driving experience of german autobahns<\/li>\r\n<\/ul>\r\n<p>[\/vc_column_text][vc_row_inner][vc_column_inner width=&#8221;1\/3&#8243;][vc_single_image image=&#8221;2450&#8243; img_size=&#8221;full&#8221; alignment=&#8221;center&#8221; onclick=&#8221;custom_link&#8221; img_link_target=&#8221;_blank&#8221; link=&#8221;https:\/\/store.playstation.com\/de-de\/product\/EP2865-CUSA30313_00-5935879602670608&#8243;][\/vc_column_inner][vc_column_inner width=&#8221;1\/3&#8243;][vc_single_image image=&#8221;2472&#8243; img_size=&#8221;full&#8221; onclick=&#8221;custom_link&#8221; img_link_target=&#8221;_blank&#8221; link=&#8221;https:\/\/www.xbox.com\/en-us\/games\/store\/autobahn-polizei-simulator-3\/9NRX3HRMZQ7Z&#8221;][\/vc_column_inner][vc_column_inner width=&#8221;1\/3&#8243;][vc_single_image image=&#8221;2451&#8243; img_size=&#8221;full&#8221; onclick=&#8221;custom_link&#8221; img_link_target=&#8221;_blank&#8221; link=&#8221;https:\/\/store.steampowered.com\/app\/1065520\/Autobahn_Polizei_Simulator_3\/&#8221;][\/vc_column_inner][\/vc_row_inner][vc_row_inner][vc_column_inner][vc_column_text]<strong>Press Contact:<\/strong>\u00a0\u00a0<img loading=\"lazy\" decoding=\"async\" class=\"alignnone wp-image-1502\" src=\"https:\/\/z-software.net\/site\/wp-content\/uploads\/2018\/12\/press@z-software-address.png\" alt=\"\" width=\"148\" height=\"24\" data-wp-pid=\"1502\" srcset=\"https:\/\/z-software.net\/site\/wp-content\/uploads\/2018\/12\/press@z-software-address.png 185w, https:\/\/z-software.net\/site\/wp-content\/uploads\/2018\/12\/press@z-software-address-120x19.png 120w\" sizes=\"auto, (max-width: 148px) 100vw, 148px\" \/>[\/vc_column_text][\/vc_column_inner][\/vc_row_inner][\/vc_column][\/vc_row][vc_row][vc_column][vc_row_inner][vc_column_inner width=&#8221;1\/2&#8243;][vc_column_text]<\/p>\r\n<h4>It\u2019s upgrade time<\/h4>\r\n<p>&nbsp;<\/p>\r\n<p>With each successful mission you receive points which can in turn be spent to upgrade your station, vehicles, equipment and personal skills via the tech three, allowing you to tune different cars in speed and handling; eventually even unlocking a police helicopter which provides you with help while chasing offenders.<\/p>\r\n<p><!-- \/wp:post-content --><br \/><!-- wp:heading {\"level\":4} --><\/p>\r\n<p><!-- wp:heading {\"level\":4} -->[\/vc_column_text][\/vc_column_inner][vc_column_inner width=&#8221;1\/2&#8243;][vc_single_image image=&#8221;2436&#8243; img_size=&#8221;full&#8221;][\/vc_column_inner][\/vc_row_inner][vc_row_inner][vc_column_inner width=&#8221;1\/2&#8243;][vc_single_image image=&#8221;2426&#8243; img_size=&#8221;full&#8221;][\/vc_column_inner][vc_column_inner width=&#8221;1\/2&#8243;][vc_column_text]<\/p>\r\n<h4>Lovable details<\/h4>\r\n<p>&nbsp;<\/p>\r\n<p>With its numerous Open World features Autobahn Police Simulator 3 offers a varied gameplay making sure that you will have interesting and fun missions for hours that goes beyond a mere simulation. Experience astonishingly careful animated, beautiful details on every car; evaluate the behavior of other road users and lock those up who endanger others.[\/vc_column_text][\/vc_column_inner][\/vc_row_inner][\/vc_column][\/vc_row][vc_row][vc_column][vc_column_text]<\/p>\r\n<h2 style=\"text-align: center;\"><strong>Available on PC, Playstation 4, <\/strong><strong>Playstation 5, <\/strong><strong>Xbox Series X|S<\/strong><\/h2>\r\n<p>[\/vc_column_text][vc_row_inner][vc_column_inner width=&#8221;1\/5&#8243;][vc_column_text]<\/p>\r\n<h3 style=\"text-align: center;\"><a href=\"https:\/\/www.amazon.de\/Aerosoft-Autobahn-Polizei-Simulator-3-PC\/dp\/B09SMH8ZNW\/ref=sr_1_1?__mk_de_DE=\u00c5M\u00c5\u017d\u00d5\u00d1&amp;crid=22LVVHDZTSXO1&amp;keywords=autobahn-polizei%2Bsimulator%2B3%2Bpc&amp;qid=1694439511&amp;s=videogames&amp;sprefix=autobahn-polizei%2Bsimulator%2B3%2Bpc%2Cvideogames%2C116&amp;sr=1-1&amp;th=1\">Buy on Amazon<\/a><\/h3>\r\n<p>&nbsp;<\/p>\r\n<p>[\/vc_column_text][\/vc_column_inner][vc_column_inner width=&#8221;1\/5&#8243;][vc_single_image image=&#8221;1448&#8243; img_size=&#8221;full&#8221; onclick=&#8221;custom_link&#8221; img_link_target=&#8221;_blank&#8221; link=&#8221;https:\/\/store.steampowered.com\/app\/1065520\/Autobahn_Police_Simulator_3\/&#8221;][\/vc_column_inner][vc_column_inner width=&#8221;1\/5&#8243;][vc_single_image image=&#8221;1447&#8243; img_size=&#8221;full&#8221; onclick=&#8221;custom_link&#8221; img_link_target=&#8221;_blank&#8221; link=&#8221;https:\/\/store.playstation.com\/de-de\/product\/EP2865-CUSA30313_00-5935879602670608&#8243;][\/vc_column_inner][vc_column_inner width=&#8221;1\/5&#8243;][vc_single_image image=&#8221;2540&#8243; img_size=&#8221;full&#8221; onclick=&#8221;custom_link&#8221; img_link_target=&#8221;_blank&#8221; link=&#8221;https:\/\/store.playstation.com\/en-us\/product\/UP3003-PPSA05211_00-4328145990381413&#8243;][\/vc_column_inner][vc_column_inner width=&#8221;1\/5&#8243;][vc_single_image image=&#8221;2438&#8243; img_size=&#8221;full&#8221; alignment=&#8221;center&#8221; onclick=&#8221;custom_link&#8221; img_link_target=&#8221;_blank&#8221; link=&#8221;https:\/\/www.xbox.com\/en-us\/games\/store\/autobahn-polizei-simulator-3\/9nrx3hrmzq7z&#8221;][\/vc_column_inner][\/vc_row_inner][\/vc_column][\/vc_row][vc_row][vc_column][vc_media_grid grid_id=&#8221;vc_gid:1694439604558-9e90440b-adb7-9&#8243; include=&#8221;2553,2434,2406,2426,2437,2557,2563,2559,2561&#8243;][\/vc_column][\/vc_row][vc_row][vc_column][vc_row_inner][vc_column_inner width=&#8221;1\/4&#8243;][\/vc_column_inner][vc_column_inner width=&#8221;1\/4&#8243;][vc_single_image image=&#8221;1793&#8243; img_size=&#8221;full&#8221; alignment=&#8221;center&#8221;][\/vc_column_inner][vc_column_inner width=&#8221;1\/4&#8243;][vc_empty_space height=&#8221;50px&#8221;][vc_single_image image=&#8221;900&#8243; img_size=&#8221;full&#8221; alignment=&#8221;center&#8221;][\/vc_column_inner][\/vc_row_inner][vc_column_text]THE \u201cPS\u201c FAMILY LOGO AND \u201cPLAYSTATION\u201d ARE REGISTERED TRADEMARKS OF SONY INTERACTIVE ENTERTAINMENT INC. \u201cPS4\u201d AND \u201cPS5\u201dARE A TRADEMARK OF THE SAME COMPANY.<\/p>\r\n<p>\u00a92018 VALVE CORPORATION. STEAM AND THE STEAM LOGO ARE TRADEMARKS AND\/OR REGISTERED TRADEMARKS OF VALVE COPRORATION U.S. AND\/OR OTHER COUNTRIES.<\/p>\r\n<p>Kinect, Xbox, Xbox 360, Xbox LIVE, Xbox One, Xbox Series X|S and the Xbox logos are trademarks of the Microsoft group of companies and are used under license from Microsoft.[\/vc_column_text][\/vc_column][\/vc_row]<\/p><!-- \/wp:heading --><\/div>","protected":false},"excerpt":{"rendered":"<p>[vc_row][vc_column width=&#8221;2\/3&#8243;][vc_row_inner][vc_column_inner width=&#8221;1\/2&#8243;][vc_single_image image=&#8221;2566&#8243; img_size=&#8221;full&#8221; alignment=&#8221;center&#8221;][\/vc_column_inner][vc_column_inner width=&#8221;1\/2&#8243;][vc_column_text]You are a rookie police officer and it\u2019s your first day back at the station after a car accident involving an illegal car race left you out of commission for quite some time. But now you are back in uniform and ready for duty, so there is no time [&hellip;]<\/p>\n","protected":false},"author":2,"featured_media":0,"parent":0,"menu_order":0,"comment_status":"closed","ping_status":"closed","template":"","meta":{"footnotes":""},"class_list":["post-2430","page","type-page","status-publish","hentry","odd"],"_links":{"self":[{"href":"https:\/\/z-software.net\/site\/wp-json\/wp\/v2\/pages\/2430","targetHints":{"allow":["GET"]}}],"collection":[{"href":"https:\/\/z-software.net\/site\/wp-json\/wp\/v2\/pages"}],"about":[{"href":"https:\/\/z-software.net\/site\/wp-json\/wp\/v2\/types\/page"}],"author":[{"embeddable":true,"href":"https:\/\/z-software.net\/site\/wp-json\/wp\/v2\/users\/2"}],"replies":[{"embeddable":true,"href":"https:\/\/z-software.net\/site\/wp-json\/wp\/v2\/comments?post=2430"}],"version-history":[{"count":17,"href":"https:\/\/z-software.net\/site\/wp-json\/wp\/v2\/pages\/2430\/revisions"}],"predecessor-version":[{"id":2597,"href":"https:\/\/z-software.net\/site\/wp-json\/wp\/v2\/pages\/2430\/revisions\/2597"}],"wp:attachment":[{"href":"https:\/\/z-software.net\/site\/wp-json\/wp\/v2\/media?parent=2430"}],"curies":[{"name":"wp","href":"https:\/\/api.w.org\/{rel}","templated":true}]}}